{"id":1631,"date":"2022-11-22T16:13:22","date_gmt":"2022-11-22T16:13:22","guid":{"rendered":"https:\/\/mundomba.com.ar\/web\/?page_id=1631"},"modified":"2022-11-22T16:13:31","modified_gmt":"2022-11-22T16:13:31","slug":"newsletters","status":"publish","type":"page","link":"https:\/\/mundomba.com.ar\/web\/en\/newsletters\/","title":{"rendered":"Newsletters ENG"},"content":{"rendered":"\t\t<div data-elementor-type=\"wp-page\" data-elementor-id=\"1631\" class=\"elementor elementor-1631\" data-elementor-post-type=\"page\">\r\n\t\t\t\t\t\t<section class=\"elementor-section elementor-top-section elementor-element elementor-element-f99206c elementor-section-full_width elementor-section-height-default elementor-section-height-default\" data-id=\"f99206c\" data-element_type=\"section\">\r\n\t\t\t\t\t\t<div class=\"elementor-container elementor-column-gap-default\">\r\n\t\t\t\t\t<div class=\"elementor-column elementor-col-100 elementor-top-column elementor-element elementor-element-790e030\" data-id=\"790e030\" data-element_type=\"column\">\r\n\t\t\t<div class=\"elementor-widget-wrap elementor-element-populated\">\r\n\t\t\t\t\t\t<div class=\"elementor-element elementor-element-0a00cb2 elementor-grid-3 elementor-grid-tablet-2 elementor-grid-mobile-1 elementor-posts--thumbnail-top elementor-widget elementor-widget-posts\" data-id=\"0a00cb2\" data-element_type=\"widget\" data-settings=\"{&quot;classic_columns&quot;:&quot;3&quot;,&quot;classic_columns_tablet&quot;:&quot;2&quot;,&quot;classic_columns_mobile&quot;:&quot;1&quot;,&quot;classic_row_gap&quot;:{&quot;unit&quot;:&quot;px&quot;,&quot;size&quot;:35,&quot;sizes&quot;:[]},&quot;classic_row_gap_tablet&quot;:{&quot;unit&quot;:&quot;px&quot;,&quot;size&quot;:&quot;&quot;,&quot;sizes&quot;:[]},&quot;classic_row_gap_mobile&quot;:{&quot;unit&quot;:&quot;px&quot;,&quot;size&quot;:&quot;&quot;,&quot;sizes&quot;:[]}}\" data-widget_type=\"posts.classic\">\r\n\t\t\t\t<div class=\"elementor-widget-container\">\r\n\t\t\t\t\t\t\t<div class=\"elementor-posts-container elementor-posts elementor-posts--skin-classic elementor-grid\">\r\n\t\t\t\t<article class=\"elementor-post elementor-grid-item post-1577 post type-post status-publish format-standard has-post-thumbnail hentry category-newsletters\">\r\n\t\t\t\t<a class=\"elementor-post__thumbnail__link\" href=\"https:\/\/mundomba.com.ar\/web\/cruceros-en-sudafrica\/\" tabindex=\"-1\" >\r\n\t\t\t<div class=\"elementor-post__thumbnail\"><img fetchpriority=\"high\" decoding=\"async\" width=\"800\" height=\"450\" src=\"https:\/\/mundomba.com.ar\/web\/wp-content\/uploads\/2022\/11\/Cruceros-en-sudafrica-1024x576.jpeg\" class=\"attachment-large size-large wp-image-1579\" alt=\"\" srcset=\"https:\/\/mundomba.com.ar\/web\/wp-content\/uploads\/2022\/11\/Cruceros-en-sudafrica-1024x576.jpeg 1024w, https:\/\/mundomba.com.ar\/web\/wp-content\/uploads\/2022\/11\/Cruceros-en-sudafrica-300x169.jpeg 300w, https:\/\/mundomba.com.ar\/web\/wp-content\/uploads\/2022\/11\/Cruceros-en-sudafrica-768x432.jpeg 768w, https:\/\/mundomba.com.ar\/web\/wp-content\/uploads\/2022\/11\/Cruceros-en-sudafrica-600x338.jpeg 600w, https:\/\/mundomba.com.ar\/web\/wp-content\/uploads\/2022\/11\/Cruceros-en-sudafrica.jpeg 1200w\" sizes=\"(max-width: 800px) 100vw, 800px\" \/><\/div>\r\n\t\t<\/a>\r\n\t\t\t\t<div class=\"elementor-post__text\">\r\n\t\t\t\t<h3 class=\"elementor-post__title\">\r\n\t\t\t<a href=\"https:\/\/mundomba.com.ar\/web\/cruceros-en-sudafrica\/\" >\r\n\t\t\t\tMSC Cruceros en SUDAFRICA\t\t\t<\/a>\r\n\t\t<\/h3>\r\n\t\t\t\t<div class=\"elementor-post__meta-data\">\r\n\t\t\t\t\t<span class=\"elementor-post-date\">\r\n\t\t\tnoviembre 7, 2022\t\t<\/span>\r\n\t\t\t\t<span class=\"elementor-post-avatar\">\r\n\t\t\tNo hay comentarios\t\t<\/span>\r\n\t\t\t\t<\/div>\r\n\t\t\t\t<div class=\"elementor-post__excerpt\">\r\n\t\t\t<p>El barco mas moderno de MSC Cruceros TEMPORADA 2023-2024 MSC Cruceros abri\u00f3 las ventas para 2023-2024en Sud\u00e1frica, con su barco m\u00e1s modernoMSC Splendida. El barco<\/p>\n\t\t<\/div>\r\n\t\t\r\n\t\t<a class=\"elementor-post__read-more\" href=\"https:\/\/mundomba.com.ar\/web\/cruceros-en-sudafrica\/\" aria-label=\"Read more about MSC Cruceros en SUDAFRICA\" tabindex=\"-1\" >\r\n\t\t\tVer M\u00e1s \u00bb\t\t<\/a>\r\n\r\n\t\t\t\t<\/div>\r\n\t\t\t\t<\/article>\r\n\t\t\t\t<article class=\"elementor-post elementor-grid-item post-1556 post type-post status-publish format-standard has-post-thumbnail hentry category-newsletters\">\r\n\t\t\t\t<a class=\"elementor-post__thumbnail__link\" href=\"https:\/\/mundomba.com.ar\/web\/villas-en-saint-barth\/\" tabindex=\"-1\" >\r\n\t\t\t<div class=\"elementor-post__thumbnail\"><img decoding=\"async\" width=\"800\" height=\"450\" src=\"https:\/\/mundomba.com.ar\/web\/wp-content\/uploads\/2022\/10\/stbarths_news_ppal-1024x576.jpg\" class=\"attachment-large size-large wp-image-1574\" alt=\"\" srcset=\"https:\/\/mundomba.com.ar\/web\/wp-content\/uploads\/2022\/10\/stbarths_news_ppal-1024x576.jpg 1024w, https:\/\/mundomba.com.ar\/web\/wp-content\/uploads\/2022\/10\/stbarths_news_ppal-300x169.jpg 300w, https:\/\/mundomba.com.ar\/web\/wp-content\/uploads\/2022\/10\/stbarths_news_ppal-768x432.jpg 768w, https:\/\/mundomba.com.ar\/web\/wp-content\/uploads\/2022\/10\/stbarths_news_ppal-1536x864.jpg 1536w, https:\/\/mundomba.com.ar\/web\/wp-content\/uploads\/2022\/10\/stbarths_news_ppal-600x338.jpg 600w, https:\/\/mundomba.com.ar\/web\/wp-content\/uploads\/2022\/10\/stbarths_news_ppal.jpg 1920w\" sizes=\"(max-width: 800px) 100vw, 800px\" \/><\/div>\r\n\t\t<\/a>\r\n\t\t\t\t<div class=\"elementor-post__text\">\r\n\t\t\t\t<h3 class=\"elementor-post__title\">\r\n\t\t\t<a href=\"https:\/\/mundomba.com.ar\/web\/villas-en-saint-barth\/\" >\r\n\t\t\t\tVILLAS EN SAINT BARTH\t\t\t<\/a>\r\n\t\t<\/h3>\r\n\t\t\t\t<div class=\"elementor-post__meta-data\">\r\n\t\t\t\t\t<span class=\"elementor-post-date\">\r\n\t\t\toctubre 3, 2022\t\t<\/span>\r\n\t\t\t\t<span class=\"elementor-post-avatar\">\r\n\t\t\tNo hay comentarios\t\t<\/span>\r\n\t\t\t\t<\/div>\r\n\t\t\t\t<div class=\"elementor-post__excerpt\">\r\n\t\t\t<p>1. Villa contempor\u00e1nea de 4 dormitorios situada justo encima del hotel Christopher Amenities: Apple TV \/ Dormitorios con aire acondicionado \/ Parrilla de gas \/<\/p>\n\t\t<\/div>\r\n\t\t\r\n\t\t<a class=\"elementor-post__read-more\" href=\"https:\/\/mundomba.com.ar\/web\/villas-en-saint-barth\/\" aria-label=\"Read more about VILLAS EN SAINT BARTH\" tabindex=\"-1\" >\r\n\t\t\tVer M\u00e1s \u00bb\t\t<\/a>\r\n\r\n\t\t\t\t<\/div>\r\n\t\t\t\t<\/article>\r\n\t\t\t\t<article class=\"elementor-post elementor-grid-item post-1509 post type-post status-publish format-standard has-post-thumbnail hentry category-newsletters\">\r\n\t\t\t\t<a class=\"elementor-post__thumbnail__link\" href=\"https:\/\/mundomba.com.ar\/web\/escapar-a-verona\/\" tabindex=\"-1\" >\r\n\t\t\t<div class=\"elementor-post__thumbnail\"><img decoding=\"async\" width=\"800\" height=\"534\" src=\"https:\/\/mundomba.com.ar\/web\/wp-content\/uploads\/2022\/08\/verona.jpeg\" class=\"attachment-large size-large wp-image-1535\" alt=\"\" srcset=\"https:\/\/mundomba.com.ar\/web\/wp-content\/uploads\/2022\/08\/verona.jpeg 1024w, https:\/\/mundomba.com.ar\/web\/wp-content\/uploads\/2022\/08\/verona-300x200.jpeg 300w, https:\/\/mundomba.com.ar\/web\/wp-content\/uploads\/2022\/08\/verona-768x512.jpeg 768w, https:\/\/mundomba.com.ar\/web\/wp-content\/uploads\/2022\/08\/verona-600x400.jpeg 600w\" sizes=\"(max-width: 800px) 100vw, 800px\" \/><\/div>\r\n\t\t<\/a>\r\n\t\t\t\t<div class=\"elementor-post__text\">\r\n\t\t\t\t<h3 class=\"elementor-post__title\">\r\n\t\t\t<a href=\"https:\/\/mundomba.com.ar\/web\/escapar-a-verona\/\" >\r\n\t\t\t\tESCAPAR A VERONA\t\t\t<\/a>\r\n\t\t<\/h3>\r\n\t\t\t\t<div class=\"elementor-post__meta-data\">\r\n\t\t\t\t\t<span class=\"elementor-post-date\">\r\n\t\t\tagosto 4, 2022\t\t<\/span>\r\n\t\t\t\t<span class=\"elementor-post-avatar\">\r\n\t\t\tNo hay comentarios\t\t<\/span>\r\n\t\t\t\t<\/div>\r\n\t\t\t\t<div class=\"elementor-post__excerpt\">\r\n\t\t\t<p>Escap\u00e9monos de Mil\u00e1n -dijo mi prima Marcia despu\u00e9s de haber trabajado interminables horas preparando presentaciones para una de las tantas ferias de la ciudad.Era verano,<\/p>\n\t\t<\/div>\r\n\t\t\r\n\t\t<a class=\"elementor-post__read-more\" href=\"https:\/\/mundomba.com.ar\/web\/escapar-a-verona\/\" aria-label=\"Read more about ESCAPAR A VERONA\" tabindex=\"-1\" >\r\n\t\t\tVer M\u00e1s \u00bb\t\t<\/a>\r\n\r\n\t\t\t\t<\/div>\r\n\t\t\t\t<\/article>\r\n\t\t\t\t<\/div>\r\n\t\t\r\n\t\t\t\t\t\t<\/div>\r\n\t\t\t\t<\/div>\r\n\t\t\t\t\t<\/div>\r\n\t\t<\/div>\r\n\t\t\t\t\t<\/div>\r\n\t\t<\/section>\r\n\t\t\t\t<\/div>\r\n\t\t","protected":false},"excerpt":{"rendered":"","protected":false},"author":1,"featured_media":0,"parent":0,"menu_order":0,"comment_status":"closed","ping_status":"closed","template":"elementor_header_footer","meta":{"footnotes":""},"class_list":["post-1631","page","type-page","status-publish","hentry"],"yoast_head":"<!-- This site is optimized with the Yoast SEO plugin v25.4 - https:\/\/yoast.com\/wordpress\/plugins\/seo\/ -->\n<title>Newsletters ENG - Mundo MBA<\/title>\n<meta name=\"robots\" content=\"index, follow, max-snippet:-1, max-image-preview:large, max-video-preview:-1\" \/>\n<link rel=\"canonical\" href=\"https:\/\/mundomba.com.ar\/web\/en\/newsletters\/\" \/>\n<meta property=\"og:locale\" content=\"es_ES\" \/>\n<meta property=\"og:type\" content=\"article\" \/>\n<meta property=\"og:title\" content=\"Newsletters ENG - Mundo MBA\" \/>\n<meta property=\"og:url\" content=\"https:\/\/mundomba.com.ar\/web\/en\/newsletters\/\" \/>\n<meta property=\"og:site_name\" content=\"Mundo MBA\" \/>\n<meta property=\"article:modified_time\" content=\"2022-11-22T16:13:31+00:00\" \/>\n<meta name=\"twitter:card\" content=\"summary_large_image\" \/>\n<script type=\"application\/ld+json\" class=\"yoast-schema-graph\">{\"@context\":\"https:\/\/schema.org\",\"@graph\":[{\"@type\":\"WebPage\",\"@id\":\"https:\/\/mundomba.com.ar\/web\/en\/newsletters\/\",\"url\":\"https:\/\/mundomba.com.ar\/web\/en\/newsletters\/\",\"name\":\"Newsletters ENG - Mundo MBA\",\"isPartOf\":{\"@id\":\"https:\/\/mundomba.com.ar\/web\/#website\"},\"datePublished\":\"2022-11-22T16:13:22+00:00\",\"dateModified\":\"2022-11-22T16:13:31+00:00\",\"breadcrumb\":{\"@id\":\"https:\/\/mundomba.com.ar\/web\/en\/newsletters\/#breadcrumb\"},\"inLanguage\":\"es\",\"potentialAction\":[{\"@type\":\"ReadAction\",\"target\":[\"https:\/\/mundomba.com.ar\/web\/en\/newsletters\/\"]}]},{\"@type\":\"BreadcrumbList\",\"@id\":\"https:\/\/mundomba.com.ar\/web\/en\/newsletters\/#breadcrumb\",\"itemListElement\":[{\"@type\":\"ListItem\",\"position\":1,\"name\":\"Portada\",\"item\":\"https:\/\/mundomba.com.ar\/web\/\"},{\"@type\":\"ListItem\",\"position\":2,\"name\":\"Newsletters ENG\"}]},{\"@type\":\"WebSite\",\"@id\":\"https:\/\/mundomba.com.ar\/web\/#website\",\"url\":\"https:\/\/mundomba.com.ar\/web\/\",\"name\":\"Mundo MBA\",\"description\":\"Un mundo para encontrarnos\",\"potentialAction\":[{\"@type\":\"SearchAction\",\"target\":{\"@type\":\"EntryPoint\",\"urlTemplate\":\"https:\/\/mundomba.com.ar\/web\/?s={search_term_string}\"},\"query-input\":{\"@type\":\"PropertyValueSpecification\",\"valueRequired\":true,\"valueName\":\"search_term_string\"}}],\"inLanguage\":\"es\"}]}<\/script>\n<!-- \/ Yoast SEO plugin. -->","yoast_head_json":{"title":"Newsletters ENG - Mundo MBA","robots":{"index":"index","follow":"follow","max-snippet":"max-snippet:-1","max-image-preview":"max-image-preview:large","max-video-preview":"max-video-preview:-1"},"canonical":"https:\/\/mundomba.com.ar\/web\/en\/newsletters\/","og_locale":"es_ES","og_type":"article","og_title":"Newsletters ENG - Mundo MBA","og_url":"https:\/\/mundomba.com.ar\/web\/en\/newsletters\/","og_site_name":"Mundo MBA","article_modified_time":"2022-11-22T16:13:31+00:00","twitter_card":"summary_large_image","schema":{"@context":"https:\/\/schema.org","@graph":[{"@type":"WebPage","@id":"https:\/\/mundomba.com.ar\/web\/en\/newsletters\/","url":"https:\/\/mundomba.com.ar\/web\/en\/newsletters\/","name":"Newsletters ENG - Mundo MBA","isPartOf":{"@id":"https:\/\/mundomba.com.ar\/web\/#website"},"datePublished":"2022-11-22T16:13:22+00:00","dateModified":"2022-11-22T16:13:31+00:00","breadcrumb":{"@id":"https:\/\/mundomba.com.ar\/web\/en\/newsletters\/#breadcrumb"},"inLanguage":"es","potentialAction":[{"@type":"ReadAction","target":["https:\/\/mundomba.com.ar\/web\/en\/newsletters\/"]}]},{"@type":"BreadcrumbList","@id":"https:\/\/mundomba.com.ar\/web\/en\/newsletters\/#breadcrumb","itemListElement":[{"@type":"ListItem","position":1,"name":"Portada","item":"https:\/\/mundomba.com.ar\/web\/"},{"@type":"ListItem","position":2,"name":"Newsletters ENG"}]},{"@type":"WebSite","@id":"https:\/\/mundomba.com.ar\/web\/#website","url":"https:\/\/mundomba.com.ar\/web\/","name":"Mundo MBA","description":"Un mundo para encontrarnos","potentialAction":[{"@type":"SearchAction","target":{"@type":"EntryPoint","urlTemplate":"https:\/\/mundomba.com.ar\/web\/?s={search_term_string}"},"query-input":{"@type":"PropertyValueSpecification","valueRequired":true,"valueName":"search_term_string"}}],"inLanguage":"es"}]}},"_links":{"self":[{"href":"https:\/\/mundomba.com.ar\/web\/wp-json\/wp\/v2\/pages\/1631","targetHints":{"allow":["GET"]}}],"collection":[{"href":"https:\/\/mundomba.com.ar\/web\/wp-json\/wp\/v2\/pages"}],"about":[{"href":"https:\/\/mundomba.com.ar\/web\/wp-json\/wp\/v2\/types\/page"}],"author":[{"embeddable":true,"href":"https:\/\/mundomba.com.ar\/web\/wp-json\/wp\/v2\/users\/1"}],"replies":[{"embeddable":true,"href":"https:\/\/mundomba.com.ar\/web\/wp-json\/wp\/v2\/comments?post=1631"}],"version-history":[{"count":1,"href":"https:\/\/mundomba.com.ar\/web\/wp-json\/wp\/v2\/pages\/1631\/revisions"}],"predecessor-version":[{"id":1632,"href":"https:\/\/mundomba.com.ar\/web\/wp-json\/wp\/v2\/pages\/1631\/revisions\/1632"}],"wp:attachment":[{"href":"https:\/\/mundomba.com.ar\/web\/wp-json\/wp\/v2\/media?parent=1631"}],"curies":[{"name":"wp","href":"https:\/\/api.w.org\/{rel}","templated":true}]}}